{"id":2587,"date":"2023-11-27T16:02:22","date_gmt":"2023-11-27T16:02:22","guid":{"rendered":"https:\/\/storiumplus.com\/batterie\/storium-20ft\/"},"modified":"2024-09-17T15:24:09","modified_gmt":"2024-09-17T15:24:09","slug":"storium-20ft","status":"publish","type":"page","link":"https:\/\/storiumplus.com\/fr\/produits\/batterie\/storium-20ft\/","title":{"rendered":"Storium 20ft"},"content":{"rendered":"\t\t<div data-elementor-type=\"wp-post\" data-elementor-id=\"2587\" class=\"elementor elementor-2587 elementor-1911\" data-elementor-post-type=\"page\">\n\t\t\t\t<div class=\"elementor-element elementor-element-76d99cd e-flex e-con-boxed elementor-invisible e-con e-parent\" data-id=\"76d99cd\" data-element_type=\"container\" data-e-type=\"container\" data-settings=\"{&quot;animation&quot;:&quot;fadeIn&quot;,&quot;background_background&quot;:&quot;classic&quot;}\">\n\t\t\t\t\t<div class=\"e-con-inner\">\n\t\t<div class=\"elementor-element elementor-element-dad3ea5 e-con-full e-flex e-con e-child\" data-id=\"dad3ea5\" data-element_type=\"container\" data-e-type=\"container\">\n\t\t\t\t<div class=\"elementor-element elementor-element-4d93ff2 elementor-widget elementor-widget-text-editor\" data-id=\"4d93ff2\" data-element_type=\"widget\" data-e-type=\"widget\" data-widget_type=\"text-editor.default\">\n\t\t\t\t\t\t\t\t\t<p><sup>Storium20ft<\/sup><\/p>\n\t\t\t\t\t\t\t\t<\/div>\n\t\t\t\t<div class=\"elementor-element elementor-element-6dd8820 elementor-widget elementor-widget-breadcrumbs\" data-id=\"6dd8820\" data-element_type=\"widget\" data-e-type=\"widget\" data-widget_type=\"breadcrumbs.default\">\n\t\t\t\t\t<p id=\"breadcrumbs\"><span><span><a href=\"https:\/\/storiumplus.com\/fr\/accueil\/\">Home<\/a><\/span><\/span><\/p>\t\t\t\t<\/div>\n\t\t\t\t<div class=\"elementor-element elementor-element-298404c elementor-widget elementor-widget-text-editor\" data-id=\"298404c\" data-element_type=\"widget\" data-e-type=\"widget\" data-widget_type=\"text-editor.default\">\n\t\t\t\t\t\t\t\t\t<p>Avec une capacit\u00e9 de 2 070 kWh, notre solution de conteneur de 20 pieds figure actuellement parmi les syst\u00e8mes ayant la densit\u00e9 \u00e9nerg\u00e9tique la plus \u00e9lev\u00e9e sur le march\u00e9. Gr\u00e2ce \u00e0 son agencement tr\u00e8s efficace, le conteneur peut contenir jusqu&rsquo;\u00e0 132 modules Pylontech, deux PCS de 500 kW, un BMS &amp; EMS, un syst\u00e8me d&rsquo;extinction d&rsquo;incendie et un syst\u00e8me de refroidissement \u00e0 air puls\u00e9.<\/p>\n<p><\/p>\t\t\t\t\t\t\t\t<\/div>\n\t\t\t\t<\/div>\n\t\t<div class=\"elementor-element elementor-element-0939317 e-con-full e-flex e-con e-child\" data-id=\"0939317\" data-element_type=\"container\" data-e-type=\"container\">\n\t\t\t\t<div class=\"elementor-element elementor-element-a597366 elementor-widget elementor-widget-image\" data-id=\"a597366\" data-element_type=\"widget\" data-e-type=\"widget\" data-widget_type=\"image.default\">\n\t\t\t\t\t\t\t\t\t\t\t\t\t\t\t<img fetchpriority=\"high\" decoding=\"async\" width=\"1260\" height=\"1018\" src=\"https:\/\/storiumplus.com\/wp-content\/uploads\/2024\/09\/Storium-20ft-1.jpg\" class=\"attachment-full size-full wp-image-2768\" alt=\"\" srcset=\"https:\/\/storiumplus.com\/wp-content\/uploads\/2024\/09\/Storium-20ft-1.jpg 1260w, https:\/\/storiumplus.com\/wp-content\/uploads\/2024\/09\/Storium-20ft-1-300x242.jpg 300w, https:\/\/storiumplus.com\/wp-content\/uploads\/2024\/09\/Storium-20ft-1-1024x827.jpg 1024w, https:\/\/storiumplus.com\/wp-content\/uploads\/2024\/09\/Storium-20ft-1-768x620.jpg 768w\" sizes=\"(max-width: 1260px) 100vw, 1260px\" \/>\t\t\t\t\t\t\t\t\t\t\t\t\t\t\t<\/div>\n\t\t\t\t<div class=\"elementor-element elementor-element-9b887af elementor-absolute elementor-widget elementor-widget-image\" data-id=\"9b887af\" data-element_type=\"widget\" data-e-type=\"widget\" data-settings=\"{&quot;_position&quot;:&quot;absolute&quot;}\" data-widget_type=\"image.default\">\n\t\t\t\t\t\t\t\t\t\t\t\t\t\t\t<img decoding=\"async\" width=\"243\" height=\"483\" src=\"https:\/\/storiumplus.com\/wp-content\/uploads\/2023\/07\/PatternBatteries.svg\" class=\"attachment-full size-full wp-image-2411\" alt=\"\" \/>\t\t\t\t\t\t\t\t\t\t\t\t\t\t\t<\/div>\n\t\t\t\t<\/div>\n\t\t\t\t\t<\/div>\n\t\t\t\t<\/div>\n\t\t<div class=\"elementor-element elementor-element-f51b82b e-flex e-con-boxed elementor-invisible e-con e-parent\" data-id=\"f51b82b\" data-element_type=\"container\" data-e-type=\"container\" data-settings=\"{&quot;background_background&quot;:&quot;classic&quot;,&quot;animation&quot;:&quot;fadeIn&quot;}\">\n\t\t\t\t\t<div class=\"e-con-inner\">\n\t\t<div class=\"elementor-element elementor-element-c05f44d e-flex e-con-boxed e-con e-child\" data-id=\"c05f44d\" data-element_type=\"container\" data-e-type=\"container\" data-settings=\"{&quot;background_background&quot;:&quot;classic&quot;}\">\n\t\t\t\t\t<div class=\"e-con-inner\">\n\t\t<div class=\"elementor-element elementor-element-63d782e e-con-full e-flex elementor-invisible e-con e-child\" data-id=\"63d782e\" data-element_type=\"container\" data-e-type=\"container\" data-settings=\"{&quot;background_background&quot;:&quot;classic&quot;,&quot;animation&quot;:&quot;fadeIn&quot;}\">\n\t\t\t\t<div class=\"elementor-element elementor-element-b295a30 elementor-widget elementor-widget-image\" data-id=\"b295a30\" data-element_type=\"widget\" data-e-type=\"widget\" data-widget_type=\"image.default\">\n\t\t\t\t\t\t\t\t\t\t\t\t\t\t\t<img decoding=\"async\" width=\"78\" height=\"78\" src=\"https:\/\/storiumplus.com\/wp-content\/uploads\/2023\/07\/BatteryLight.svg\" class=\"attachment-large size-large wp-image-2447\" alt=\"\" \/>\t\t\t\t\t\t\t\t\t\t\t\t\t\t\t<\/div>\n\t\t\t\t<div class=\"elementor-element elementor-element-7143b45 elementor-hidden-mobile elementor-widget elementor-widget-heading\" data-id=\"7143b45\" data-element_type=\"widget\" data-e-type=\"widget\" data-widget_type=\"heading.default\">\n\t\t\t\t\t<h2 class=\"elementor-heading-title elementor-size-default\">Piles<\/h2>\t\t\t\t<\/div>\n\t\t\t\t<\/div>\n\t\t<div class=\"elementor-element elementor-element-677ab46 e-flex e-con-boxed e-con e-child\" data-id=\"677ab46\" data-element_type=\"container\" data-e-type=\"container\">\n\t\t\t\t\t<div class=\"e-con-inner\">\n\t\t<div class=\"elementor-element elementor-element-ed7b6b7 e-con-full e-flex e-con e-child\" data-id=\"ed7b6b7\" data-element_type=\"container\" data-e-type=\"container\" data-settings=\"{&quot;background_background&quot;:&quot;classic&quot;}\">\n\t\t\t\t<div class=\"elementor-element elementor-element-e824a65 elementor-widget elementor-widget-heading\" data-id=\"e824a65\" data-element_type=\"widget\" data-e-type=\"widget\" data-widget_type=\"heading.default\">\n\t\t\t\t\t<h2 class=\"elementor-heading-title elementor-size-default\">Informations techniques<\/h2>\t\t\t\t<\/div>\n\t\t\t\t<div class=\"elementor-element elementor-element-58c55a0 elementor-widget elementor-widget-text-editor\" data-id=\"58c55a0\" data-element_type=\"widget\" data-e-type=\"widget\" data-widget_type=\"text-editor.default\">\n\t\t\t\t\t\t\t\t\t<p><span style=\"color: #ffffff;\">Contactez-nous pour obtenir des informations plus d\u00e9taill\u00e9es et des fiches techniques.<\/span><\/p>\n\t\t\t\t\t\t\t\t<\/div>\n\t\t\t\t<\/div>\n\t\t<div class=\"elementor-element elementor-element-279f748 e-con-full e-flex e-con e-child\" data-id=\"279f748\" data-element_type=\"container\" data-e-type=\"container\" data-settings=\"{&quot;background_background&quot;:&quot;classic&quot;}\">\n\t\t\t\t<div class=\"elementor-element elementor-element-ec820f5 elementor-widget elementor-widget-button\" data-id=\"ec820f5\" data-element_type=\"widget\" data-e-type=\"widget\" data-widget_type=\"button.default\">\n\t\t\t\t\t\t\t\t\t\t<a class=\"elementor-button elementor-button-link elementor-size-sm elementor-animation-float\" href=\"#\">\n\t\t\t\t\t\t<span class=\"elementor-button-content-wrapper\">\n\t\t\t\t\t\t\t\t\t<span class=\"elementor-button-text\">Parlez-nous<\/span>\n\t\t\t\t\t<\/span>\n\t\t\t\t\t<\/a>\n\t\t\t\t\t\t\t\t<\/div>\n\t\t\t\t<\/div>\n\t\t\t\t\t<\/div>\n\t\t\t\t<\/div>\n\t\t\t\t\t<\/div>\n\t\t\t\t<\/div>\n\t\t\t\t\t<\/div>\n\t\t\t\t<\/div>\n\t\t\t\t<\/div>\n\t\t","protected":false},"excerpt":{"rendered":"<p>Storium20ft Avec une capacit\u00e9 de 2 070 kWh, notre solution de conteneur de 20 pieds figure actuellement parmi les syst\u00e8mes ayant la densit\u00e9 \u00e9nerg\u00e9tique la plus \u00e9lev\u00e9e sur le march\u00e9. Gr\u00e2ce \u00e0 son agencement tr\u00e8s efficace, le conteneur peut contenir jusqu&rsquo;\u00e0 132 modules Pylontech, deux PCS de 500 kW, un BMS &amp; EMS, un syst\u00e8me [&hellip;]<\/p>\n","protected":false},"author":1,"featured_media":0,"parent":2534,"menu_order":0,"comment_status":"closed","ping_status":"closed","template":"","meta":{"footnotes":""},"class_list":["post-2587","page","type-page","status-publish","hentry"],"yoast_head":"<!-- This site is optimized with the Yoast SEO plugin v27.3 - https:\/\/yoast.com\/product\/yoast-seo-wordpress\/ -->\n<title>Storium 20ft - StoriumPlus - We connect solar, smart battery &amp; grid<\/title>\n<meta name=\"robots\" content=\"index, follow, max-snippet:-1, max-image-preview:large, max-video-preview:-1\" \/>\n<link rel=\"canonical\" href=\"https:\/\/storiumplus.com\/fr\/produits\/batterie\/storium-20ft\/\" \/>\n<meta property=\"og:locale\" content=\"fr_FR\" \/>\n<meta property=\"og:type\" content=\"article\" \/>\n<meta property=\"og:title\" content=\"Storium 20ft - StoriumPlus - We connect solar, smart battery &amp; grid\" \/>\n<meta property=\"og:description\" content=\"Storium20ft Avec une capacit\u00e9 de 2 070 kWh, notre solution de conteneur de 20 pieds figure actuellement parmi les syst\u00e8mes ayant la densit\u00e9 \u00e9nerg\u00e9tique la plus \u00e9lev\u00e9e sur le march\u00e9. Gr\u00e2ce \u00e0 son agencement tr\u00e8s efficace, le conteneur peut contenir jusqu&rsquo;\u00e0 132 modules Pylontech, deux PCS de 500 kW, un BMS &amp; EMS, un syst\u00e8me [&hellip;]\" \/>\n<meta property=\"og:url\" content=\"https:\/\/storiumplus.com\/fr\/produits\/batterie\/storium-20ft\/\" \/>\n<meta property=\"og:site_name\" content=\"StoriumPlus - We connect solar, smart battery &amp; grid\" \/>\n<meta property=\"article:modified_time\" content=\"2024-09-17T15:24:09+00:00\" \/>\n<meta property=\"og:image\" content=\"https:\/\/storiumplus.com\/wp-content\/uploads\/2024\/09\/Storium-20ft-1.jpg\" \/>\n<meta name=\"twitter:card\" content=\"summary_large_image\" \/>\n<script type=\"application\/ld+json\" class=\"yoast-schema-graph\">{\"@context\":\"https:\\\/\\\/schema.org\",\"@graph\":[{\"@type\":\"WebPage\",\"@id\":\"https:\\\/\\\/storiumplus.com\\\/fr\\\/produits\\\/batterie\\\/storium-20ft\\\/\",\"url\":\"https:\\\/\\\/storiumplus.com\\\/fr\\\/produits\\\/batterie\\\/storium-20ft\\\/\",\"name\":\"Storium 20ft - StoriumPlus - We connect solar, smart battery &amp; grid\",\"isPartOf\":{\"@id\":\"https:\\\/\\\/storiumplus.com\\\/fr\\\/#website\"},\"primaryImageOfPage\":{\"@id\":\"https:\\\/\\\/storiumplus.com\\\/fr\\\/produits\\\/batterie\\\/storium-20ft\\\/#primaryimage\"},\"image\":{\"@id\":\"https:\\\/\\\/storiumplus.com\\\/fr\\\/produits\\\/batterie\\\/storium-20ft\\\/#primaryimage\"},\"thumbnailUrl\":\"https:\\\/\\\/storiumplus.com\\\/wp-content\\\/uploads\\\/2024\\\/09\\\/Storium-20ft-1.jpg\",\"datePublished\":\"2023-11-27T16:02:22+00:00\",\"dateModified\":\"2024-09-17T15:24:09+00:00\",\"breadcrumb\":{\"@id\":\"https:\\\/\\\/storiumplus.com\\\/fr\\\/produits\\\/batterie\\\/storium-20ft\\\/#breadcrumb\"},\"inLanguage\":\"fr-FR\",\"potentialAction\":[{\"@type\":\"ReadAction\",\"target\":[\"https:\\\/\\\/storiumplus.com\\\/fr\\\/produits\\\/batterie\\\/storium-20ft\\\/\"]}]},{\"@type\":\"ImageObject\",\"inLanguage\":\"fr-FR\",\"@id\":\"https:\\\/\\\/storiumplus.com\\\/fr\\\/produits\\\/batterie\\\/storium-20ft\\\/#primaryimage\",\"url\":\"https:\\\/\\\/storiumplus.com\\\/wp-content\\\/uploads\\\/2024\\\/09\\\/Storium-20ft-1.jpg\",\"contentUrl\":\"https:\\\/\\\/storiumplus.com\\\/wp-content\\\/uploads\\\/2024\\\/09\\\/Storium-20ft-1.jpg\"},{\"@type\":\"BreadcrumbList\",\"@id\":\"https:\\\/\\\/storiumplus.com\\\/fr\\\/produits\\\/batterie\\\/storium-20ft\\\/#breadcrumb\",\"itemListElement\":[{\"@type\":\"ListItem\",\"position\":1,\"name\":\"Home\",\"item\":\"https:\\\/\\\/storiumplus.com\\\/fr\\\/accueil\\\/\"},{\"@type\":\"ListItem\",\"position\":2,\"name\":\"Produits\",\"item\":\"https:\\\/\\\/storiumstaging.storiumplus.com\\\/fr\\\/produits\\\/\"},{\"@type\":\"ListItem\",\"position\":3,\"name\":\"Batterie\",\"item\":\"https:\\\/\\\/storiumplus.com\\\/fr\\\/producten\\\/battery\\\/\"},{\"@type\":\"ListItem\",\"position\":4,\"name\":\"Storium 20ft\"}]},{\"@type\":\"WebSite\",\"@id\":\"https:\\\/\\\/storiumplus.com\\\/fr\\\/#website\",\"url\":\"https:\\\/\\\/storiumplus.com\\\/fr\\\/\",\"name\":\"StoriumPlus - We connect solar, smart battery &amp; grid\",\"description\":\"We connect solar, smart battery &amp; grid\",\"publisher\":{\"@id\":\"https:\\\/\\\/storiumplus.com\\\/fr\\\/#organization\"},\"potentialAction\":[{\"@type\":\"SearchAction\",\"target\":{\"@type\":\"EntryPoint\",\"urlTemplate\":\"https:\\\/\\\/storiumplus.com\\\/fr\\\/?s={search_term_string}\"},\"query-input\":{\"@type\":\"PropertyValueSpecification\",\"valueRequired\":true,\"valueName\":\"search_term_string\"}}],\"inLanguage\":\"fr-FR\"},{\"@type\":\"Organization\",\"@id\":\"https:\\\/\\\/storiumplus.com\\\/fr\\\/#organization\",\"name\":\"StoriumPlus\",\"alternateName\":\"St+\",\"url\":\"https:\\\/\\\/storiumplus.com\\\/fr\\\/\",\"logo\":{\"@type\":\"ImageObject\",\"inLanguage\":\"fr-FR\",\"@id\":\"https:\\\/\\\/storiumplus.com\\\/fr\\\/#\\\/schema\\\/logo\\\/image\\\/\",\"url\":\"https:\\\/\\\/storiumplus.com\\\/wp-content\\\/uploads\\\/2023\\\/07\\\/StFavIcon.png\",\"contentUrl\":\"https:\\\/\\\/storiumplus.com\\\/wp-content\\\/uploads\\\/2023\\\/07\\\/StFavIcon.png\",\"width\":512,\"height\":512,\"caption\":\"StoriumPlus\"},\"image\":{\"@id\":\"https:\\\/\\\/storiumplus.com\\\/fr\\\/#\\\/schema\\\/logo\\\/image\\\/\"}}]}<\/script>\n<!-- \/ Yoast SEO plugin. -->","yoast_head_json":{"title":"Storium 20ft - StoriumPlus - We connect solar, smart battery &amp; grid","robots":{"index":"index","follow":"follow","max-snippet":"max-snippet:-1","max-image-preview":"max-image-preview:large","max-video-preview":"max-video-preview:-1"},"canonical":"https:\/\/storiumplus.com\/fr\/produits\/batterie\/storium-20ft\/","og_locale":"fr_FR","og_type":"article","og_title":"Storium 20ft - StoriumPlus - We connect solar, smart battery &amp; grid","og_description":"Storium20ft Avec une capacit\u00e9 de 2 070 kWh, notre solution de conteneur de 20 pieds figure actuellement parmi les syst\u00e8mes ayant la densit\u00e9 \u00e9nerg\u00e9tique la plus \u00e9lev\u00e9e sur le march\u00e9. Gr\u00e2ce \u00e0 son agencement tr\u00e8s efficace, le conteneur peut contenir jusqu&rsquo;\u00e0 132 modules Pylontech, deux PCS de 500 kW, un BMS &amp; EMS, un syst\u00e8me [&hellip;]","og_url":"https:\/\/storiumplus.com\/fr\/produits\/batterie\/storium-20ft\/","og_site_name":"StoriumPlus - We connect solar, smart battery &amp; grid","article_modified_time":"2024-09-17T15:24:09+00:00","og_image":[{"url":"https:\/\/storiumplus.com\/wp-content\/uploads\/2024\/09\/Storium-20ft-1.jpg","type":"","width":"","height":""}],"twitter_card":"summary_large_image","schema":{"@context":"https:\/\/schema.org","@graph":[{"@type":"WebPage","@id":"https:\/\/storiumplus.com\/fr\/produits\/batterie\/storium-20ft\/","url":"https:\/\/storiumplus.com\/fr\/produits\/batterie\/storium-20ft\/","name":"Storium 20ft - StoriumPlus - We connect solar, smart battery &amp; grid","isPartOf":{"@id":"https:\/\/storiumplus.com\/fr\/#website"},"primaryImageOfPage":{"@id":"https:\/\/storiumplus.com\/fr\/produits\/batterie\/storium-20ft\/#primaryimage"},"image":{"@id":"https:\/\/storiumplus.com\/fr\/produits\/batterie\/storium-20ft\/#primaryimage"},"thumbnailUrl":"https:\/\/storiumplus.com\/wp-content\/uploads\/2024\/09\/Storium-20ft-1.jpg","datePublished":"2023-11-27T16:02:22+00:00","dateModified":"2024-09-17T15:24:09+00:00","breadcrumb":{"@id":"https:\/\/storiumplus.com\/fr\/produits\/batterie\/storium-20ft\/#breadcrumb"},"inLanguage":"fr-FR","potentialAction":[{"@type":"ReadAction","target":["https:\/\/storiumplus.com\/fr\/produits\/batterie\/storium-20ft\/"]}]},{"@type":"ImageObject","inLanguage":"fr-FR","@id":"https:\/\/storiumplus.com\/fr\/produits\/batterie\/storium-20ft\/#primaryimage","url":"https:\/\/storiumplus.com\/wp-content\/uploads\/2024\/09\/Storium-20ft-1.jpg","contentUrl":"https:\/\/storiumplus.com\/wp-content\/uploads\/2024\/09\/Storium-20ft-1.jpg"},{"@type":"BreadcrumbList","@id":"https:\/\/storiumplus.com\/fr\/produits\/batterie\/storium-20ft\/#breadcrumb","itemListElement":[{"@type":"ListItem","position":1,"name":"Home","item":"https:\/\/storiumplus.com\/fr\/accueil\/"},{"@type":"ListItem","position":2,"name":"Produits","item":"https:\/\/storiumstaging.storiumplus.com\/fr\/produits\/"},{"@type":"ListItem","position":3,"name":"Batterie","item":"https:\/\/storiumplus.com\/fr\/producten\/battery\/"},{"@type":"ListItem","position":4,"name":"Storium 20ft"}]},{"@type":"WebSite","@id":"https:\/\/storiumplus.com\/fr\/#website","url":"https:\/\/storiumplus.com\/fr\/","name":"StoriumPlus - We connect solar, smart battery &amp; grid","description":"We connect solar, smart battery &amp; grid","publisher":{"@id":"https:\/\/storiumplus.com\/fr\/#organization"},"potentialAction":[{"@type":"SearchAction","target":{"@type":"EntryPoint","urlTemplate":"https:\/\/storiumplus.com\/fr\/?s={search_term_string}"},"query-input":{"@type":"PropertyValueSpecification","valueRequired":true,"valueName":"search_term_string"}}],"inLanguage":"fr-FR"},{"@type":"Organization","@id":"https:\/\/storiumplus.com\/fr\/#organization","name":"StoriumPlus","alternateName":"St+","url":"https:\/\/storiumplus.com\/fr\/","logo":{"@type":"ImageObject","inLanguage":"fr-FR","@id":"https:\/\/storiumplus.com\/fr\/#\/schema\/logo\/image\/","url":"https:\/\/storiumplus.com\/wp-content\/uploads\/2023\/07\/StFavIcon.png","contentUrl":"https:\/\/storiumplus.com\/wp-content\/uploads\/2023\/07\/StFavIcon.png","width":512,"height":512,"caption":"StoriumPlus"},"image":{"@id":"https:\/\/storiumplus.com\/fr\/#\/schema\/logo\/image\/"}}]}},"_links":{"self":[{"href":"https:\/\/storiumplus.com\/fr\/wp-json\/wp\/v2\/pages\/2587","targetHints":{"allow":["GET"]}}],"collection":[{"href":"https:\/\/storiumplus.com\/fr\/wp-json\/wp\/v2\/pages"}],"about":[{"href":"https:\/\/storiumplus.com\/fr\/wp-json\/wp\/v2\/types\/page"}],"author":[{"embeddable":true,"href":"https:\/\/storiumplus.com\/fr\/wp-json\/wp\/v2\/users\/1"}],"replies":[{"embeddable":true,"href":"https:\/\/storiumplus.com\/fr\/wp-json\/wp\/v2\/comments?post=2587"}],"version-history":[{"count":3,"href":"https:\/\/storiumplus.com\/fr\/wp-json\/wp\/v2\/pages\/2587\/revisions"}],"predecessor-version":[{"id":2788,"href":"https:\/\/storiumplus.com\/fr\/wp-json\/wp\/v2\/pages\/2587\/revisions\/2788"}],"up":[{"embeddable":true,"href":"https:\/\/storiumplus.com\/fr\/wp-json\/wp\/v2\/pages\/2534"}],"wp:attachment":[{"href":"https:\/\/storiumplus.com\/fr\/wp-json\/wp\/v2\/media?parent=2587"}],"curies":[{"name":"wp","href":"https:\/\/api.w.org\/{rel}","templated":true}]}}